{"id":2,"date":"2016-05-10T03:48:21","date_gmt":"2016-05-10T03:48:21","guid":{"rendered":"https:\/\/idmedia.com.mx\/?page_id=2"},"modified":"2025-03-17T16:06:50","modified_gmt":"2025-03-17T16:06:50","slug":"sample-page","status":"publish","type":"page","link":"https:\/\/idmedia.com.mx\/","title":{"rendered":"Iv\u00e1n Nogales"},"content":{"rendered":"\n<figure class=\"wp-block-image size-large\"><img loading=\"lazy\" decoding=\"async\" width=\"1024\" height=\"1024\" src=\"https:\/\/idmedia.com.mx\/wp-content\/uploads\/2024\/03\/IMG_2464-1-1024x1024.jpg\" alt=\"\" class=\"wp-image-35\" srcset=\"https:\/\/idmedia.com.mx\/wp-content\/uploads\/2024\/03\/IMG_2464-1-1024x1024.jpg 1024w, https:\/\/idmedia.com.mx\/wp-content\/uploads\/2024\/03\/IMG_2464-1-300x300.jpg 300w, https:\/\/idmedia.com.mx\/wp-content\/uploads\/2024\/03\/IMG_2464-1-150x150.jpg 150w, https:\/\/idmedia.com.mx\/wp-content\/uploads\/2024\/03\/IMG_2464-1-768x768.jpg 768w, https:\/\/idmedia.com.mx\/wp-content\/uploads\/2024\/03\/IMG_2464-1-1536x1536.jpg 1536w, https:\/\/idmedia.com.mx\/wp-content\/uploads\/2024\/03\/IMG_2464-1-1140x1140.jpg 1140w, https:\/\/idmedia.com.mx\/wp-content\/uploads\/2024\/03\/IMG_2464-1-920x920.jpg 920w, https:\/\/idmedia.com.mx\/wp-content\/uploads\/2024\/03\/IMG_2464-1-575x575.jpg 575w, https:\/\/idmedia.com.mx\/wp-content\/uploads\/2024\/03\/IMG_2464-1-380x380.jpg 380w, https:\/\/idmedia.com.mx\/wp-content\/uploads\/2024\/03\/IMG_2464-1.jpg 2000w\" sizes=\"auto, (max-width: 1024px) 100vw, 1024px\" \/><\/figure>\n\n\n\n<p>Enamorado del caf\u00e9 y de la industria que lo envuelve, estudi\u00f3 la Licenciatura en Sistemas Computacionales y sigue inmerso en la tecnolog\u00eda, sin embargo, su pasi\u00f3n a esta sublime bebida lo ha orillado a involucrarse en el mundo del caf\u00e9 desde el sector primario hasta la comercializaci\u00f3n. Actualmente y desde hace 16 a\u00f1os se desarrolla en la industria de alimentos y bebidas colaborando en los \u00faltimos ocho a\u00f1os en Caf\u00e9 La Organizaci\u00f3n, marca comercial y de valor agregado de la Coordinadora Estatal de Productores de Caf\u00e9 de Oaxaca (CEPCO).<\/p>\n\n\n\n<p>CEO de Typica Coffee expendio de caf\u00e9 d\u00f3nde nuestro objetivo es ofrecer nuestro talento, profesionalismo y experiencia para fomentar el consumo de caf\u00e9 de calidad, respeto a los productores y al medio ambiente, informando de los procesos, caracter\u00edsticas e historias del caf\u00e9 a nuestros clientes y amigos, buscando aportar valor al caf\u00e9.<\/p>\n\n\n\n<figure class=\"wp-block-image size-large\"><img loading=\"lazy\" decoding=\"async\" width=\"1024\" height=\"960\" src=\"https:\/\/idmedia.com.mx\/wp-content\/uploads\/2024\/03\/TypicaLogo_BW06-1024x960.png\" alt=\"\" class=\"wp-image-36\" srcset=\"https:\/\/idmedia.com.mx\/wp-content\/uploads\/2024\/03\/TypicaLogo_BW06-1024x960.png 1024w, https:\/\/idmedia.com.mx\/wp-content\/uploads\/2024\/03\/TypicaLogo_BW06-300x281.png 300w, https:\/\/idmedia.com.mx\/wp-content\/uploads\/2024\/03\/TypicaLogo_BW06-768x720.png 768w, https:\/\/idmedia.com.mx\/wp-content\/uploads\/2024\/03\/TypicaLogo_BW06-1536x1441.png 1536w, https:\/\/idmedia.com.mx\/wp-content\/uploads\/2024\/03\/TypicaLogo_BW06-2048x1921.png 2048w, https:\/\/idmedia.com.mx\/wp-content\/uploads\/2024\/03\/TypicaLogo_BW06-1140x1069.png 1140w, https:\/\/idmedia.com.mx\/wp-content\/uploads\/2024\/03\/TypicaLogo_BW06-920x863.png 920w, https:\/\/idmedia.com.mx\/wp-content\/uploads\/2024\/03\/TypicaLogo_BW06-575x539.png 575w, https:\/\/idmedia.com.mx\/wp-content\/uploads\/2024\/03\/TypicaLogo_BW06-380x356.png 380w\" sizes=\"auto, (max-width: 1024px) 100vw, 1024px\" \/><\/figure>\n","protected":false},"excerpt":{"rendered":"<p>Enamorado del caf\u00e9 y de la industria que lo envuelve, estudi\u00f3 la Licenciatura en Sistemas Computacionales y sigue inmerso en la tecnolog\u00eda, sin embargo, su pasi\u00f3n a esta sublime bebida [&hellip;]<\/p>\n","protected":false},"author":1,"featured_media":0,"parent":0,"menu_order":0,"comment_status":"closed","ping_status":"open","template":"","meta":{"footnotes":""},"class_list":["post-2","page","type-page","status-publish","hentry"],"_links":{"self":[{"href":"https:\/\/idmedia.com.mx\/index.php?rest_route=\/wp\/v2\/pages\/2","targetHints":{"allow":["GET"]}}],"collection":[{"href":"https:\/\/idmedia.com.mx\/index.php?rest_route=\/wp\/v2\/pages"}],"about":[{"href":"https:\/\/idmedia.com.mx\/index.php?rest_route=\/wp\/v2\/types\/page"}],"author":[{"embeddable":true,"href":"https:\/\/idmedia.com.mx\/index.php?rest_route=\/wp\/v2\/users\/1"}],"replies":[{"embeddable":true,"href":"https:\/\/idmedia.com.mx\/index.php?rest_route=%2Fwp%2Fv2%2Fcomments&post=2"}],"version-history":[{"count":13,"href":"https:\/\/idmedia.com.mx\/index.php?rest_route=\/wp\/v2\/pages\/2\/revisions"}],"predecessor-version":[{"id":54,"href":"https:\/\/idmedia.com.mx\/index.php?rest_route=\/wp\/v2\/pages\/2\/revisions\/54"}],"wp:attachment":[{"href":"https:\/\/idmedia.com.mx\/index.php?rest_route=%2Fwp%2Fv2%2Fmedia&parent=2"}],"curies":[{"name":"wp","href":"https:\/\/api.w.org\/{rel}","templated":true}]}}